{"id":3688,"date":"2025-10-13T13:26:56","date_gmt":"2025-10-13T16:26:56","guid":{"rendered":"https:\/\/egdengenharia.com.br\/?page_id=3688"},"modified":"2026-02-09T13:36:54","modified_gmt":"2026-02-09T16:36:54","slug":"fortide","status":"publish","type":"page","link":"https:\/\/egdengenharia.com.br\/en\/fortide\/","title":{"rendered":"Fortide"},"content":{"rendered":"<div class=\"clearboth\"><\/div>\n\t<\/div> \t\t<\/div> \t\t\t<\/div> \n\n\t\t\t\t\n<div class=\"mk-page-section-wrapper\">\n    <div id=\"page-section-1\" class=\"mk-page-section self-hosted  full-width-1 js-el js-master-row\"   data-intro-effect=\"false\">\n\n        \n            \n            <div class=\"mk-page-section-inner\">\n                \n\n\n\n<div style=\"background-color:rgba(29,99,101,0.9);opacity:0.8;\" class=\"mk-video-color-mask\"><\/div>\n\n                \n                \n\n\n\t\t\n\n\t<div class=\"background-layer-holder\">\n\t\t<div id=\"background-layer--1\" class=\"background-layer mk-background-stretch none-blend-effect js-el\"   >\n\t\t\t\t\t<\/div>\n\t<\/div>\n\n            <\/div>\n            \n            \n        <div class=\"page-section-content vc_row-fluid mk-grid\">\n            <div class=\"mk-padding-wrapper\">\n<div style=\"\" class=\"vc_col-sm-12 wpb_column column_container  _ height-full\">\n\t<h1 style=\"font-size: 25px;color: #ffffff;text-align: left;font-family:Lato;font-weight:700;font-style:normal\" class=\"vc_custom_heading\">FORTIDE\u00ae TINTAS EP\u00d3XI<\/h1><\/div>\n<\/div>\n            <div class=\"clearboth\"><\/div>\n        <\/div>\n\n\n            \n            \n            \n        \n        <div class=\"clearboth\"><\/div>\n    <\/div>\n<\/div>\n\n<div class=\"mk-main-wrapper-holder\">\n\t<div class=\"theme-page-wrapper no-padding full-layout mk-grid vc_row-fluid\">\n\t\t<div class=\"theme-content no-padding\">\n\n\t\t\t\n\n\n<div class=\"clearboth\"><\/div>\n\t<\/div> \t\t<\/div> \t\t\t<\/div> \n\n\t\t\t\t\n<div class=\"mk-page-section-wrapper\">\n    <div id=\"page-section-2\" class=\"mk-page-section self-hosted  full-width-2 js-el js-master-row\"   data-intro-effect=\"false\">\n\n        \n            \n            <div class=\"mk-page-section-inner\">\n                \n\n\n\n<div class=\"mk-video-color-mask\"><\/div>\n\n                \n                            <\/div>\n            \n            \n        <div class=\"page-section-content vc_row-fluid mk-grid\">\n            <div class=\"mk-padding-wrapper\">\n<div style=\"\" class=\"vc_col-sm-12 wpb_column column_container  _ height-full\">\n\t<div class=\"mk-image   align-center simple-frame inside-image\" style=\"margin-bottom:10px\"><div class=\"mk-image-holder\" style=\"max-width: 200px;\"><div class=\"mk-image-inner\"><img decoding=\"async\" class=\"lightbox-false\" alt=\"\" title=\"\" width=\"200\" height=\"200\" src=\"https:\/\/egdengenharia.com.br\/wp-content\/uploads\/2023\/12\/COM-Logo-Rev00.png\" \/><\/div><\/div><div class=\"clearboth\"><\/div><\/div>\n<div id=\"text-block-3\" class=\"mk-text-block\">\n\n\t\n\t<p style=\"text-align: center;\">DENSO Group Germany, pioneiro, desde 1927, no desenvolvimento de prote\u00e7\u00f5es anticorrosivas (fitas de petrolato, polietileno e borracha but\u00edlica, mantas termocontr\u00e1teis, materiais de reparo, revestimentos l\u00edquidos de poliuretano, mastiques e primers), da qual somos distribuidores autorizados no Brasil.<\/p>\n\n\t<div class=\"clearboth\"><\/div>\n<\/div>\n<\/div>\n<\/div>\n            <div class=\"clearboth\"><\/div>\n        <\/div>\n\n\n            \n            \n            \n        \n        <div class=\"clearboth\"><\/div>\n    <\/div>\n<\/div>\n\n<div class=\"mk-main-wrapper-holder\">\n\t<div class=\"theme-page-wrapper no-padding full-layout mk-grid vc_row-fluid\">\n\t\t<div class=\"theme-content no-padding\">\n\n\t\t\t\n\n\n<div class=\"clearboth\"><\/div>\n\t<\/div> \t\t<\/div> \t\t\t<\/div> \n\n\t\t\t\t\n<div class=\"mk-page-section-wrapper\">\n    <div id=\"page-section-4\" class=\"mk-page-section self-hosted  full-width-4 js-el js-master-row\"   data-intro-effect=\"false\">\n\n        \n            \n            <div class=\"mk-page-section-inner\">\n                \n\n\n\n<div class=\"mk-video-color-mask\"><\/div>\n\n                \n                            <\/div>\n            \n            \n        <div class=\"page-section-content vc_row-fluid mk-grid\">\n            <div class=\"mk-padding-wrapper\">\n<div style=\"\" class=\"vc_col-sm-12 wpb_column column_container  _ height-full\">\n\t<div id=\"mk-gradient-button-5\" class=\"mk-gradient-button fullwidth-true btn-align-center\">\n\t<a href=\"https:\/\/egdengenharia.com.br\/en\/produtos\/tinta-epoxi-fortide-ws\/\" class=\"mk-button mk-button--dimension-flat mk-button--size-xx-large mk-button--corner-pointed dark-skin\" target=\"_blank\">\n\t\t<span class=\"text\">TINTA EP\u00d3XI FORTIDE-WS SUPERF\u00cdCIES MOLHADAS<\/span>\n\t<i class=\"darker-background\"><\/i><\/a> \n<\/div><div id=\"mk-gradient-button-6\" class=\"mk-gradient-button fullwidth-true btn-align-center\">\n\t<a href=\"https:\/\/egdengenharia.com.br\/en\/produtos\/tinta-epoxi-fortide-st\/\" class=\"mk-button mk-button--dimension-flat mk-button--size-xx-large mk-button--corner-pointed dark-skin\" target=\"_blank\">\n\t\t<span class=\"text\">TINTA EP\u00d3XI FORTIDE-ST APLICA\u00c7\u00d5ES PADR\u00c3O<\/span>\n\t<i class=\"darker-background\"><\/i><\/a> \n<\/div><div id=\"mk-gradient-button-7\" class=\"mk-gradient-button fullwidth-true btn-align-center\">\n\t<a href=\"https:\/\/egdengenharia.com.br\/en\/produtos\/tinta-epoxi-fortide-tl\/\" class=\"mk-button mk-button--dimension-flat mk-button--size-xx-large mk-button--corner-pointed dark-skin\" target=\"_blank\">\n\t\t<span class=\"text\">TINTA EP\u00d3XI FORTIDE-TL TANQUES E TUBULA\u00c7\u00d5ES INTERNA<\/span>\n\t<i class=\"darker-background\"><\/i><\/a> \n<\/div><div id=\"mk-gradient-button-8\" class=\"mk-gradient-button fullwidth-true btn-align-center\">\n\t<a href=\"https:\/\/egdengenharia.com.br\/en\/produtos\/tinta-epoxi-fortide-ht\/\" class=\"mk-button mk-button--dimension-flat mk-button--size-xx-large mk-button--corner-pointed dark-skin\" target=\"_blank\">\n\t\t<span class=\"text\">TINTA EP\u00d3XI FORTIDE-HT ALTAS TEMPERATURAS<\/span>\n\t<i class=\"darker-background\"><\/i><\/a> \n<\/div><\/div>\n<\/div>\n            <div class=\"clearboth\"><\/div>\n        <\/div>\n\n\n            \n            \n            \n        \n        <div class=\"clearboth\"><\/div>\n    <\/div>\n<\/div>\n\n<div class=\"mk-main-wrapper-holder\">\n\t<div class=\"theme-page-wrapper no-padding full-layout mk-grid vc_row-fluid\">\n\t\t<div class=\"theme-content no-padding\">\n\n\t\t\t\n\n\n<div class=\"clearboth\"><\/div>\n\t<\/div> \t\t<\/div> \t\t\t<\/div> \n\n\t\t\t\t\n<div class=\"mk-page-section-wrapper\">\n    <div id=\"page-section-9\" class=\"mk-page-section self-hosted  full-width-9 js-el js-master-row\"   data-intro-effect=\"false\">\n\n        \n            \n            <div class=\"mk-page-section-inner\">\n                \n\n\n\n<div class=\"mk-video-color-mask\"><\/div>\n\n                \n                            <\/div>\n            \n            \n        <div class=\"page-section-content vc_row-fluid mk-grid\">\n            <div class=\"mk-padding-wrapper\">\n<div style=\"\" class=\"vc_col-sm-3 wpb_column column_container  _ height-full\">\n\t\n<div id=\"text-block-10\" class=\"mk-text-block\">\n\n\t\n\t<p><img decoding=\"async\" class=\"alignnone wp-image-2269\" src=\"https:\/\/egdengenharia.com.br\/wp-content\/uploads\/2025\/01\/COM-Logo-EGD-fundo-escuro-Rev00.png\" alt=\"\" width=\"104\" height=\"74\" srcset=\"https:\/\/egdengenharia.com.br\/wp-content\/uploads\/2025\/01\/COM-Logo-EGD-fundo-escuro-Rev00.png 635w, https:\/\/egdengenharia.com.br\/wp-content\/uploads\/2025\/01\/COM-Logo-EGD-fundo-escuro-Rev00-300x214.png 300w, https:\/\/egdengenharia.com.br\/wp-content\/uploads\/2025\/01\/COM-Logo-EGD-fundo-escuro-Rev00-330x236.png 330w\" sizes=\"(max-width: 104px) 85vw, 104px\" \/><\/p>\n\n\t<div class=\"clearboth\"><\/div>\n<\/div>\n<h4 style=\"font-size: 16px;color: #ffffff;text-align: left;font-family:Lato;font-weight:400;font-style:normal\" class=\"vc_custom_heading\">\ud83d\udccd Rua Raul Rold\u00e3o da Costa, 167<br \/>\nVila Bet\u00e2nia - CEP: 12245-484<br \/>\nS\u00e3o Jos\u00e9 dos Campos - SP<\/h4>\n<div id=\"padding-11\" class=\"mk-padding-divider   clear\"><\/div>\n\n<h4 style=\"font-size: 16px;color: #ffffff;text-align: left;font-family:Lato;font-weight:400;font-style:normal\" class=\"vc_custom_heading\">\ud83d\udcde Fale Conosco<\/h4><h4 style=\"font-size: 16px;color: #ffffff;text-align: left;font-family:Lato;font-weight:400;font-style:normal\" class=\"vc_custom_heading\">Telefones:<br \/>\n+55 (12) 3923-2629<br \/>\n+55 (12) 3943-8688<br \/>\n+55 (12) 3942-8455<br \/>\n+55 (12) 99718-8914<\/h4>\n<div id=\"padding-12\" class=\"mk-padding-divider   clear\"><\/div>\n\n<h4 style=\"font-size: 16px;color: #ffffff;text-align: left;font-family:Lato;font-weight:400;font-style:normal\" class=\"vc_custom_heading\">\u2709\ufe0f E-mails:<\/h4><h4 style=\"font-size: 16px;color: #ffffff;text-align: left;font-family:Lato;font-weight:400;font-style:normal\" class=\"vc_custom_heading\">comercial@egdengenharia.com.br<br \/>\negd@egdengenharia.com.br<\/h4><\/div>\n\n<div style=\"\" class=\"vc_col-sm-3 wpb_column column_container  _ height-full\">\n\t<h3 style=\"font-size: 18px;color: #cf793b;text-align: left;font-family:Lato;font-weight:700;font-style:normal\" class=\"vc_custom_heading\">Encontre F\u00e1cil<\/h3>\n<div id=\"padding-13\" class=\"mk-padding-divider   clear\"><\/div>\n\n<h4 style=\"font-size: 16px;color: #ffffff;text-align: left;font-family:Lato;font-weight:400;font-style:normal\" class=\"vc_custom_heading\"><a href=\"https:\/\/egdengenharia.com.br\/en\/protecao-catodica-dutos-estruturas\/\" target=\" _blank\" title=\"Prote\u00e7\u00e3o Cat\u00f3dica\">Prote\u00e7\u00e3o Cat\u00f3dica<\/a><\/h4><h4 style=\"font-size: 16px;color: #ffffff;text-align: left;font-family:Lato;font-weight:400;font-style:normal\" class=\"vc_custom_heading\"><a href=\"https:\/\/egdengenharia.com.br\/en\/reabilitacao-de-dutos\/\" target=\" _blank\" title=\"Reabilita\u00e7\u00e3o de Dutos\">Reabilita\u00e7\u00e3o de Dutos<\/a><\/h4><h4 style=\"font-size: 16px;color: #ffffff;text-align: left;font-family:Lato;font-weight:400;font-style:normal\" class=\"vc_custom_heading\"><a href=\"https:\/\/egdengenharia.com.br\/en\/manutencao-de-faixa-de-servidao\/\" target=\" _blank\" title=\"Manuten\u00e7\u00e3o de Faixa\">Manuten\u00e7\u00e3o de Faixa<\/a><\/h4><h4 style=\"font-size: 16px;color: #ffffff;text-align: left;font-family:Lato;font-weight:400;font-style:normal\" class=\"vc_custom_heading\"><a href=\"https:\/\/egdengenharia.com.br\/en\/anodos-para-protecao-catodica\/\" target=\" _blank\" title=\"Anodos para Prote\u00e7\u00e3o Cat\u00f3dica\">Anodos para Prote\u00e7\u00e3o Cat\u00f3dica<\/a><\/h4><h4 style=\"font-size: 16px;color: #ffffff;text-align: left;font-family:Lato;font-weight:400;font-style:normal\" class=\"vc_custom_heading\"><a href=\"https:\/\/egdengenharia.com.br\/en\/monitoramento-remoto\/\" target=\" _blank\" title=\"Monitoramento Remoto\">Monitoramento Remoto<\/a><\/h4><h4 style=\"font-size: 16px;color: #ffffff;text-align: left;font-family:Lato;font-weight:400;font-style:normal\" class=\"vc_custom_heading\"><a href=\"https:\/\/egdengenharia.com.br\/en\/revestimentos-anticorrosivos\/\" target=\" _blank\" title=\"Revestimentos Anticorrosivos\">Revestimentos Anticorrosivos<\/a><\/h4><h4 style=\"font-size: 16px;color: #ffffff;text-align: left;font-family:Lato;font-weight:400;font-style:normal\" class=\"vc_custom_heading\"><a href=\"https:\/\/egdengenharia.com.br\/en\/eletrodos-de-referencia\/\" target=\" _blank\" title=\"Eletrodos de Refer\u00eancia\">Eletrodos de Refer\u00eancia<\/a><\/h4><h4 style=\"font-size: 16px;color: #ffffff;text-align: left;font-family:Lato;font-weight:400;font-style:normal\" class=\"vc_custom_heading\"><a href=\"https:\/\/webmail-seguro.com.br\/\" target=\" _blank\">Webmail<\/a><\/h4><h4 style=\"font-size: 16px;color: #ffffff;text-align: left;font-family:Lato;font-weight:400;font-style:normal\" class=\"vc_custom_heading\"><a href=\"https:\/\/egdengenharia.com.br\/en\/politica-de-privacidade\/\" target=\" _blank\">Pol\u00edtica de Privacidade<\/a><\/h4><\/div>\n\n<div style=\"\" class=\"vc_col-sm-3 wpb_column column_container  _ height-full\">\n\t<h3 style=\"font-size: 18px;color: #cf793b;text-align: left;font-family:Lato;font-weight:700;font-style:normal\" class=\"vc_custom_heading\">Social<\/h3>\n<div id=\"padding-14\" class=\"mk-padding-divider   clear\"><\/div>\n\n<h4 style=\"font-size: 16px;color: #ffffff;text-align: left;font-family:Lato;font-weight:400;font-style:normal\" class=\"vc_custom_heading\">Siga-nos nas redes sociais!<\/h4>\n<div id=\"social-networks-15\" class=\"mk-social-network-shortcode a_padding-0 a_margin-10-0 s_social a_m_list-reset a_align-left a_font-24 s_circle social-align-left medium\">\n\t<ul class=\"a_margin-0 a_padding-0 a_list-style-none\">\n\t\t<li><a target=\"_blank\" class=\"instagram-hover c_\" href=\"https:\/\/www.instagram.com\/egdengenharia\"><i class=\"mk-jupiter-icon-instagram  c_\"><\/i><\/a><\/li><li><a target=\"_blank\" class=\"linkedin-hover c_\" href=\"https:\/\/www.linkedin.com\/company\/egdengenharia\/\"><i class=\"mk-jupiter-icon-linkedin  c_\"><\/i><\/a><\/li>\t<\/ul>\n<\/div>\n\n\n\n\n<div id=\"padding-16\" class=\"mk-padding-divider   clear\"><\/div>\n\n<h3 style=\"font-size: 18px;color: #cf793b;text-align: left;font-family:Lato;font-weight:700;font-style:normal\" class=\"vc_custom_heading\">Contato com o DPO<\/h3><h4 style=\"font-size: 16px;color: #ffffff;text-align: left;font-family:Lato;font-weight:400;font-style:normal\" class=\"vc_custom_heading\">Canal exclusivo para o exerc\u00edcio de seus direitos de acordo com a LGPD.<\/h4><h4 style=\"font-size: 16px;color: #ffffff;text-align: left;font-family:Lato;font-weight:400;font-style:normal\" class=\"vc_custom_heading\">DPO: Camila Rodrigues<br \/>\nTelefone: +55 (12) 99763-1539<br \/>\ndpo@egdengenharia.com.br<\/h4>\n<div id=\"padding-17\" class=\"mk-padding-divider   clear\"><\/div>\n\n<h3 style=\"font-size: 18px;color: #cf793b;text-align: left;font-family:Lato;font-weight:700;font-style:normal\" class=\"vc_custom_heading\">Ouvidoria e Canal de Den\u00fancias<\/h3><h4 style=\"font-size: 16px;color: #ffffff;text-align: left;font-family:Lato;font-weight:400;font-style:normal\" class=\"vc_custom_heading\">ouvidoria@egdengenharia.com.br<\/h4><\/div>\n\n<div style=\"\" class=\"vc_col-sm-3 wpb_column column_container  _ height-full\">\n\t<h3 style=\"font-size: 18px;color: #cf793b;text-align: left;font-family:Lato;font-weight:700;font-style:normal\" class=\"vc_custom_heading\">Entre em Contato<\/h3>\n<div id=\"padding-18\" class=\"mk-padding-divider   clear\"><\/div>\n\n<h4 style=\"font-size: 16px;color: #ffffff;text-align: left;font-family:Lato;font-weight:400;font-style:normal\" class=\"vc_custom_heading\">Conhe\u00e7a as solu\u00e7\u00f5es que podem aumentar a seguran\u00e7a operacional e reduzir o custo de manuten\u00e7\u00e3o dos seus ativos.<\/h4>\n<div id=\"padding-19\" class=\"mk-padding-divider   clear\"><\/div>\n\n\n<div id=\"mk-button-20\" class=\"mk-button-container _ relative    inline left\">\n\t<a  href=\"https:\/\/egdengenharia.com.br\/en\/contato\/\"  target=\"_self\" class=\"mk-button js-smooth-scroll mk-button--dimension-flat mk-button--size-medium mk-button--corner-pointed text-color-light _ relative text-center font-weight-700 no-backface  letter-spacing-1 inline\">\n\t\t\t\t \n\t\t<span class=\"mk-button--text\">CONTATO<\/span>\n\t\t\t<\/a>\n<\/div><\/div>\n<\/div>\n            <div class=\"clearboth\"><\/div>\n        <\/div>\n\n\n            \n            \n            \n        \n        <div class=\"clearboth\"><\/div>\n    <\/div>\n<\/div>\n\n<div class=\"mk-main-wrapper-holder\">\n\t<div class=\"theme-page-wrapper no-padding full-layout mk-grid vc_row-fluid\">\n\t\t<div class=\"theme-content no-padding\">\n\n\t\t\t\n\n\n<div class=\"clearboth\"><\/div>\n\t<\/div> \t\t<\/div> \t\t\t<\/div> \n\n\t\t\t\t\n<div class=\"mk-page-section-wrapper\">\n    <div id=\"page-section-21\" class=\"mk-page-section self-hosted  full-width-21 js-el js-master-row\"   data-intro-effect=\"false\">\n\n        \n            \n            <div class=\"mk-page-section-inner\">\n                \n\n\n\n<div class=\"mk-video-color-mask\"><\/div>\n\n                \n                            <\/div>\n            \n            \n        <div class=\"page-section-content vc_row-fluid mk-grid\">\n            <div class=\"mk-padding-wrapper\">\n<div style=\"\" class=\"vc_col-sm-12 wpb_column column_container  _ height-full\">\n\t<h6 style=\"font-size: 12px;color: #ffffff;text-align: center;font-family:Lato;font-weight:400;font-style:normal\" class=\"vc_custom_heading\">Copyrights 2026 EGD ENGENHARIA | Todos os direitos reservados | Designed by B de Branding Design Estrat\u00e9gico<\/h6><\/div>\n<\/div>\n            <div class=\"clearboth\"><\/div>\n        <\/div>\n\n\n            \n            \n            \n        \n        <div class=\"clearboth\"><\/div>\n    <\/div>\n<\/div>\n\n<div class=\"mk-main-wrapper-holder\">\n\t<div class=\"theme-page-wrapper no-padding full-layout mk-grid vc_row-fluid\">\n\t\t<div class=\"theme-content no-padding\">","protected":false},"excerpt":{"rendered":"FORTIDE\u00ae TINTAS EP\u00d3XI DENSO Group Germany, pioneiro, desde 1927, no desenvolvimento de prote\u00e7\u00f5es anticorrosivas (fitas de petrolato, polietileno e borracha but\u00edlica, mantas termocontr\u00e1teis, materiais de reparo, revestimentos l\u00edquidos de poliuretano, mastiques e primers), da qual somos distribuidores autorizados no Brasil. TINTA EP\u00d3XI FORTIDE-WS SUPERF\u00cdCIES MOLHADAS TINTA EP\u00d3XI FORTIDE-ST APLICA\u00c7\u00d5ES PADR\u00c3O TINTA EP\u00d3XI FORTIDE-TL TANQUES E [...]","protected":false},"author":3,"featured_media":0,"parent":0,"menu_order":0,"comment_status":"closed","ping_status":"closed","template":"","meta":{"_joinchat":[],"footnotes":""},"class_list":["post-3688","page","type-page","status-publish","hentry"],"yoast_head":"<!-- This site is optimized with the Yoast SEO plugin v27.4 - https:\/\/yoast.com\/product\/yoast-seo-wordpress\/ -->\n<title>Tintas Ep\u00f3xi para Prote\u00e7\u00e3o Anticorrosiva | EGD Engenharia<\/title>\n<meta name=\"description\" content=\"Proteja dutos e estruturas met\u00e1licas com as tintas ep\u00f3xi de DENSO GROUP, garantindo resist\u00eancia e durabilidade anticorrosiva.\" \/>\n<meta name=\"robots\" content=\"index, follow, max-snippet:-1, max-image-preview:large, max-video-preview:-1\" \/>\n<link rel=\"canonical\" href=\"https:\/\/egdengenharia.com.br\/en\/fortide\/\" \/>\n<meta property=\"og:locale\" content=\"en_US\" \/>\n<meta property=\"og:type\" content=\"article\" \/>\n<meta property=\"og:title\" content=\"Tintas Ep\u00f3xi para Prote\u00e7\u00e3o Anticorrosiva | EGD Engenharia\" \/>\n<meta property=\"og:description\" content=\"Proteja dutos e estruturas met\u00e1licas com as tintas ep\u00f3xi de DENSO GROUP, garantindo resist\u00eancia e durabilidade anticorrosiva.\" \/>\n<meta property=\"og:url\" content=\"https:\/\/egdengenharia.com.br\/en\/fortide\/\" \/>\n<meta property=\"og:site_name\" content=\"EGD Engenharia\" \/>\n<meta property=\"article:modified_time\" content=\"2026-02-09T16:36:54+00:00\" \/>\n<meta property=\"og:image\" content=\"https:\/\/egdengenharia.com.br\/wp-content\/uploads\/2025\/01\/COM-Logo-EGD-fundo-escuro-Rev00.png\" \/>\n<meta name=\"twitter:card\" content=\"summary_large_image\" \/>\n<meta name=\"twitter:label1\" content=\"Est. reading time\" \/>\n\t<meta name=\"twitter:data1\" content=\"3 minutes\" \/>\n<script type=\"application\/ld+json\" class=\"yoast-schema-graph\">{\"@context\":\"https:\\\/\\\/schema.org\",\"@graph\":[{\"@type\":\"WebPage\",\"@id\":\"https:\\\/\\\/egdengenharia.com.br\\\/fortide\\\/\",\"url\":\"https:\\\/\\\/egdengenharia.com.br\\\/fortide\\\/\",\"name\":\"Tintas Ep\u00f3xi para Prote\u00e7\u00e3o Anticorrosiva | EGD Engenharia\",\"isPartOf\":{\"@id\":\"https:\\\/\\\/egdengenharia.com.br\\\/#website\"},\"primaryImageOfPage\":{\"@id\":\"https:\\\/\\\/egdengenharia.com.br\\\/fortide\\\/#primaryimage\"},\"image\":{\"@id\":\"https:\\\/\\\/egdengenharia.com.br\\\/fortide\\\/#primaryimage\"},\"thumbnailUrl\":\"https:\\\/\\\/egdengenharia.com.br\\\/wp-content\\\/uploads\\\/2025\\\/01\\\/COM-Logo-EGD-fundo-escuro-Rev00.png\",\"datePublished\":\"2025-10-13T16:26:56+00:00\",\"dateModified\":\"2026-02-09T16:36:54+00:00\",\"description\":\"Proteja dutos e estruturas met\u00e1licas com as tintas ep\u00f3xi de DENSO GROUP, garantindo resist\u00eancia e durabilidade anticorrosiva.\",\"breadcrumb\":{\"@id\":\"https:\\\/\\\/egdengenharia.com.br\\\/fortide\\\/#breadcrumb\"},\"inLanguage\":\"en-US\",\"potentialAction\":[{\"@type\":\"ReadAction\",\"target\":[\"https:\\\/\\\/egdengenharia.com.br\\\/fortide\\\/\"]}]},{\"@type\":\"ImageObject\",\"inLanguage\":\"en-US\",\"@id\":\"https:\\\/\\\/egdengenharia.com.br\\\/fortide\\\/#primaryimage\",\"url\":\"https:\\\/\\\/egdengenharia.com.br\\\/wp-content\\\/uploads\\\/2025\\\/01\\\/COM-Logo-EGD-fundo-escuro-Rev00.png\",\"contentUrl\":\"https:\\\/\\\/egdengenharia.com.br\\\/wp-content\\\/uploads\\\/2025\\\/01\\\/COM-Logo-EGD-fundo-escuro-Rev00.png\"},{\"@type\":\"BreadcrumbList\",\"@id\":\"https:\\\/\\\/egdengenharia.com.br\\\/fortide\\\/#breadcrumb\",\"itemListElement\":[{\"@type\":\"ListItem\",\"position\":1,\"name\":\"In\u00edcio\",\"item\":\"https:\\\/\\\/egdengenharia.com.br\\\/\"},{\"@type\":\"ListItem\",\"position\":2,\"name\":\"Fortide\"}]},{\"@type\":\"WebSite\",\"@id\":\"https:\\\/\\\/egdengenharia.com.br\\\/#website\",\"url\":\"https:\\\/\\\/egdengenharia.com.br\\\/\",\"name\":\"EGD Engenharia\",\"description\":\"\",\"publisher\":{\"@id\":\"https:\\\/\\\/egdengenharia.com.br\\\/#organization\"},\"potentialAction\":[{\"@type\":\"SearchAction\",\"target\":{\"@type\":\"EntryPoint\",\"urlTemplate\":\"https:\\\/\\\/egdengenharia.com.br\\\/?s={search_term_string}\"},\"query-input\":{\"@type\":\"PropertyValueSpecification\",\"valueRequired\":true,\"valueName\":\"search_term_string\"}}],\"inLanguage\":\"en-US\"},{\"@type\":\"Organization\",\"@id\":\"https:\\\/\\\/egdengenharia.com.br\\\/#organization\",\"name\":\"EGD Engenharia\",\"url\":\"https:\\\/\\\/egdengenharia.com.br\\\/\",\"logo\":{\"@type\":\"ImageObject\",\"inLanguage\":\"en-US\",\"@id\":\"https:\\\/\\\/egdengenharia.com.br\\\/#\\\/schema\\\/logo\\\/image\\\/\",\"url\":\"https:\\\/\\\/egdengenharia.com.br\\\/wp-content\\\/uploads\\\/2022\\\/10\\\/logo-egd-engenharia.jpg\",\"contentUrl\":\"https:\\\/\\\/egdengenharia.com.br\\\/wp-content\\\/uploads\\\/2022\\\/10\\\/logo-egd-engenharia.jpg\",\"width\":121,\"height\":101,\"caption\":\"EGD Engenharia\"},\"image\":{\"@id\":\"https:\\\/\\\/egdengenharia.com.br\\\/#\\\/schema\\\/logo\\\/image\\\/\"}}]}<\/script>\n<!-- \/ Yoast SEO plugin. -->","yoast_head_json":{"title":"Tintas Ep\u00f3xi para Prote\u00e7\u00e3o Anticorrosiva | EGD Engenharia","description":"Proteja dutos e estruturas met\u00e1licas com as tintas ep\u00f3xi de DENSO GROUP, garantindo resist\u00eancia e durabilidade anticorrosiva.","robots":{"index":"index","follow":"follow","max-snippet":"max-snippet:-1","max-image-preview":"max-image-preview:large","max-video-preview":"max-video-preview:-1"},"canonical":"https:\/\/egdengenharia.com.br\/en\/fortide\/","og_locale":"en_US","og_type":"article","og_title":"Tintas Ep\u00f3xi para Prote\u00e7\u00e3o Anticorrosiva | EGD Engenharia","og_description":"Proteja dutos e estruturas met\u00e1licas com as tintas ep\u00f3xi de DENSO GROUP, garantindo resist\u00eancia e durabilidade anticorrosiva.","og_url":"https:\/\/egdengenharia.com.br\/en\/fortide\/","og_site_name":"EGD Engenharia","article_modified_time":"2026-02-09T16:36:54+00:00","og_image":[{"url":"https:\/\/egdengenharia.com.br\/wp-content\/uploads\/2025\/01\/COM-Logo-EGD-fundo-escuro-Rev00.png","type":"","width":"","height":""}],"twitter_card":"summary_large_image","twitter_misc":{"Est. reading time":"3 minutes"},"schema":{"@context":"https:\/\/schema.org","@graph":[{"@type":"WebPage","@id":"https:\/\/egdengenharia.com.br\/fortide\/","url":"https:\/\/egdengenharia.com.br\/fortide\/","name":"Tintas Ep\u00f3xi para Prote\u00e7\u00e3o Anticorrosiva | EGD Engenharia","isPartOf":{"@id":"https:\/\/egdengenharia.com.br\/#website"},"primaryImageOfPage":{"@id":"https:\/\/egdengenharia.com.br\/fortide\/#primaryimage"},"image":{"@id":"https:\/\/egdengenharia.com.br\/fortide\/#primaryimage"},"thumbnailUrl":"https:\/\/egdengenharia.com.br\/wp-content\/uploads\/2025\/01\/COM-Logo-EGD-fundo-escuro-Rev00.png","datePublished":"2025-10-13T16:26:56+00:00","dateModified":"2026-02-09T16:36:54+00:00","description":"Proteja dutos e estruturas met\u00e1licas com as tintas ep\u00f3xi de DENSO GROUP, garantindo resist\u00eancia e durabilidade anticorrosiva.","breadcrumb":{"@id":"https:\/\/egdengenharia.com.br\/fortide\/#breadcrumb"},"inLanguage":"en-US","potentialAction":[{"@type":"ReadAction","target":["https:\/\/egdengenharia.com.br\/fortide\/"]}]},{"@type":"ImageObject","inLanguage":"en-US","@id":"https:\/\/egdengenharia.com.br\/fortide\/#primaryimage","url":"https:\/\/egdengenharia.com.br\/wp-content\/uploads\/2025\/01\/COM-Logo-EGD-fundo-escuro-Rev00.png","contentUrl":"https:\/\/egdengenharia.com.br\/wp-content\/uploads\/2025\/01\/COM-Logo-EGD-fundo-escuro-Rev00.png"},{"@type":"BreadcrumbList","@id":"https:\/\/egdengenharia.com.br\/fortide\/#breadcrumb","itemListElement":[{"@type":"ListItem","position":1,"name":"In\u00edcio","item":"https:\/\/egdengenharia.com.br\/"},{"@type":"ListItem","position":2,"name":"Fortide"}]},{"@type":"WebSite","@id":"https:\/\/egdengenharia.com.br\/#website","url":"https:\/\/egdengenharia.com.br\/","name":"EGD Engenharia","description":"","publisher":{"@id":"https:\/\/egdengenharia.com.br\/#organization"},"potentialAction":[{"@type":"SearchAction","target":{"@type":"EntryPoint","urlTemplate":"https:\/\/egdengenharia.com.br\/?s={search_term_string}"},"query-input":{"@type":"PropertyValueSpecification","valueRequired":true,"valueName":"search_term_string"}}],"inLanguage":"en-US"},{"@type":"Organization","@id":"https:\/\/egdengenharia.com.br\/#organization","name":"EGD Engenharia","url":"https:\/\/egdengenharia.com.br\/","logo":{"@type":"ImageObject","inLanguage":"en-US","@id":"https:\/\/egdengenharia.com.br\/#\/schema\/logo\/image\/","url":"https:\/\/egdengenharia.com.br\/wp-content\/uploads\/2022\/10\/logo-egd-engenharia.jpg","contentUrl":"https:\/\/egdengenharia.com.br\/wp-content\/uploads\/2022\/10\/logo-egd-engenharia.jpg","width":121,"height":101,"caption":"EGD Engenharia"},"image":{"@id":"https:\/\/egdengenharia.com.br\/#\/schema\/logo\/image\/"}}]}},"_links":{"self":[{"href":"https:\/\/egdengenharia.com.br\/en\/wp-json\/wp\/v2\/pages\/3688","targetHints":{"allow":["GET"]}}],"collection":[{"href":"https:\/\/egdengenharia.com.br\/en\/wp-json\/wp\/v2\/pages"}],"about":[{"href":"https:\/\/egdengenharia.com.br\/en\/wp-json\/wp\/v2\/types\/page"}],"author":[{"embeddable":true,"href":"https:\/\/egdengenharia.com.br\/en\/wp-json\/wp\/v2\/users\/3"}],"replies":[{"embeddable":true,"href":"https:\/\/egdengenharia.com.br\/en\/wp-json\/wp\/v2\/comments?post=3688"}],"version-history":[{"count":5,"href":"https:\/\/egdengenharia.com.br\/en\/wp-json\/wp\/v2\/pages\/3688\/revisions"}],"predecessor-version":[{"id":3742,"href":"https:\/\/egdengenharia.com.br\/en\/wp-json\/wp\/v2\/pages\/3688\/revisions\/3742"}],"wp:attachment":[{"href":"https:\/\/egdengenharia.com.br\/en\/wp-json\/wp\/v2\/media?parent=3688"}],"curies":[{"name":"wp","href":"https:\/\/api.w.org\/{rel}","templated":true}]}}